{"id":507,"date":"2015-12-22T07:07:04","date_gmt":"2015-12-22T06:07:04","guid":{"rendered":"https:\/\/b-moosmann.de\/startseite\/"},"modified":"2024-07-09T14:23:43","modified_gmt":"2024-07-09T12:23:43","slug":"start","status":"publish","type":"page","link":"https:\/\/b-moosmann.de\/en\/","title":{"rendered":"Bernd Moosmann"},"content":{"rendered":"<p>[et_pb_section fb_built=&#8221;1&#8243; fullwidth=&#8221;on&#8221; _builder_version=&#8221;4.16&#8243; transparent_background=&#8221;off&#8221; global_colors_info=&#8221;{}&#8221;][et_pb_fullwidth_image src=&#8221;\/wp-content\/uploads\/2017\/02\/Moosmannheader_1000x250_test1.jpg&#8221; admin_label=&#8221;Geb\u00e4ude&#8221; _builder_version=&#8221;4.26.0&#8243; hover_enabled=&#8221;0&#8243; animation=&#8221;off&#8221; use_border_color=&#8221;off&#8221; border_color=&#8221;#ffffff&#8221; border_width=&#8221;1px&#8221; border_style=&#8221;solid&#8221; global_colors_info=&#8221;{}&#8221; sticky_enabled=&#8221;0&#8243;]&nbsp;<br \/>\n[\/et_pb_fullwidth_image][\/et_pb_section][et_pb_section fb_built=&#8221;1&#8243; disabled_on=&#8221;off|off|off&#8221; admin_label=&#8221;section&#8221; _builder_version=&#8221;4.16&#8243; background_color=&#8221;#fbf5e9&#8243; custom_padding=&#8221;54px|0px|54px|0px&#8221; transparent_background=&#8221;off&#8221; global_colors_info=&#8221;{}&#8221;][et_pb_row use_custom_gutter=&#8221;on&#8221; admin_label=&#8221;row&#8221; _builder_version=&#8221;4.16&#8243; background_size=&#8221;initial&#8221; background_position=&#8221;top_left&#8221; background_repeat=&#8221;repeat&#8221; custom_padding=&#8221;|||&#8221; global_colors_info=&#8221;{}&#8221; column_structure=&#8221;1_2,1_4,1_4&#8243;][et_pb_column type=&#8221;1_2&#8243; _builder_version=&#8221;4.16&#8243; custom_padding=&#8221;|||&#8221; global_colors_info=&#8221;{}&#8221; custom_padding__hover=&#8221;|||&#8221;][et_pb_text admin_label=&#8221;h1\/p Hochwertige Holzblasinstrumente (EN)&#8221; _builder_version=&#8221;4.26.0&#8243; header_font=&#8221;|on|||&#8221; background_size=&#8221;initial&#8221; background_position=&#8221;top_left&#8221; background_repeat=&#8221;repeat&#8221; hover_enabled=&#8221;0&#8243; use_border_color=&#8221;off&#8221; border_color=&#8221;#ffffff&#8221; border_style=&#8221;solid&#8221; global_colors_info=&#8221;{}&#8221; sticky_enabled=&#8221;0&#8243;]<\/p>\n<h1>High-class\u00a0woodwind instruments\u00a0by Bernd Moosmann<\/h1>\n<p>Since over 30 years, the Bernd Moosmann GmbH is a tradition-conscious manufacturer of woodwinds that at the same time incorporates modern technology into their high-quality instruments.\u00a0We are very proud of the fact that our bassoons are played on all 5 continents \u2013 in over 60 different countries of the world.\u00a0In addition to the technical quality based on our craftmanship and high-end materials, the use of innovative proprietary developments makes our instruments particularly distinguished.<\/p>\n<p>Visits to international trade fairs, presentations at universities and in-depth discussions with national and international orchestral musicians have formed the basis for the ongoing improvement of my bassoons.<\/p>\n<p>This valuable feedback has gone into the modernization of the mechanism, intonation and tone projection of the instruments. This cooperation is productive for both the performer and the instrument builder and it is ongoing.<\/p>\n<p>[\/et_pb_text][\/et_pb_column][et_pb_column type=&#8221;1_4&#8243; _builder_version=&#8221;4.16&#8243; custom_padding=&#8221;|||&#8221; global_colors_info=&#8221;{}&#8221; custom_padding__hover=&#8221;|||&#8221;][et_pb_image src=&#8221;\/wp-content\/uploads\/2017\/02\/bernd-moosmann-1.jpg&#8221; align_tablet=&#8221;center&#8221; align_last_edited=&#8221;on|desktop&#8221; admin_label=&#8221;Bild Moosmann&#8221; _builder_version=&#8221;4.16&#8243; animation=&#8221;off&#8221; use_border_color=&#8221;off&#8221; border_color=&#8221;#ffffff&#8221; border_width=&#8221;1px&#8221; border_style=&#8221;solid&#8221; sticky=&#8221;off&#8221; global_colors_info=&#8221;{}&#8221; align_phone=&#8221;center&#8221;]&nbsp;<br \/>\n[\/et_pb_image][\/et_pb_column][et_pb_column type=&#8221;1_4&#8243; _builder_version=&#8221;4.16&#8243; custom_padding=&#8221;|||&#8221; global_colors_info=&#8221;{}&#8221; custom_padding__hover=&#8221;|||&#8221;][et_pb_text admin_label=&#8221;h2\/p Zitat (EN)&#8221; _builder_version=&#8221;4.16&#8243; background_size=&#8221;initial&#8221; background_position=&#8221;top_left&#8221; background_repeat=&#8221;repeat&#8221; custom_margin=&#8221;|||&#8221; use_border_color=&#8221;off&#8221; border_color=&#8221;#ffffff&#8221; border_style=&#8221;solid&#8221; global_colors_info=&#8221;{}&#8221;]<\/p>\n<h2><em>&#8220;Music begins where language ends&#8221;<\/em><\/h2>\n<p><em>Putting these wise words of E.T.A. Hoffmann into practice demands three things: An inspired piece of music, gifted musicians and musical instruments that speak their own language.\u00a0<\/em><em>I have always felt committed to this proposition and so I build woodwind instruments in my workshop which make it easy for musicians from all over the world to elicit and express their emotions.<\/em><\/p>\n<p><em>Bernd Moosmann<\/em><br \/>\n[\/et_pb_text][\/et_pb_column][\/et_pb_row][\/et_pb_section][et_pb_section fb_built=&#8221;1&#8243; admin_label=&#8221;section&#8221; _builder_version=&#8221;4.16&#8243; custom_padding=&#8221;0px||0px|&#8221; transparent_background=&#8221;off&#8221; global_colors_info=&#8221;{}&#8221;][et_pb_row use_custom_gutter=&#8221;on&#8221; gutter_width=&#8221;1&#8243; admin_label=&#8221;row&#8221; module_class=&#8221; et_pb_row_fullwidth&#8221; _builder_version=&#8221;4.16&#8243; background_size=&#8221;initial&#8221; background_position=&#8221;top_left&#8221; background_repeat=&#8221;repeat&#8221; width=&#8221;100%&#8221; width_tablet=&#8221;100%&#8221; width_last_edited=&#8221;on|desktop&#8221; max_width=&#8221;100%&#8221; max_width_tablet=&#8221;100%&#8221; max_width_last_edited=&#8221;on|desktop&#8221; custom_padding=&#8221;0px||0px|&#8221; make_fullwidth=&#8221;on&#8221; global_colors_info=&#8221;{}&#8221; column_structure=&#8221;1_4,1_4,1_4,1_4&#8243; width_phone=&#8221;100%&#8221; max_width_phone=&#8221;100%&#8221;][et_pb_column type=&#8221;1_4&#8243; _builder_version=&#8221;4.16&#8243; custom_padding=&#8221;|||&#8221; global_colors_info=&#8221;{}&#8221; custom_padding__hover=&#8221;|||&#8221;][et_pb_image src=&#8221;\/wp-content\/uploads\/2017\/02\/instrument2.jpg&#8221; align_tablet=&#8221;center&#8221; align_last_edited=&#8221;on|desktop&#8221; admin_label=&#8221;Bild Instrument2&#8243; _builder_version=&#8221;4.16&#8243; animation=&#8221;off&#8221; use_border_color=&#8221;off&#8221; border_color=&#8221;#ffffff&#8221; border_width=&#8221;1px&#8221; border_style=&#8221;solid&#8221; sticky=&#8221;off&#8221; global_colors_info=&#8221;{}&#8221; align_phone=&#8221;center&#8221;]&nbsp;<br \/>\n[\/et_pb_image][\/et_pb_column][et_pb_column type=&#8221;1_4&#8243; _builder_version=&#8221;4.16&#8243; custom_padding=&#8221;|||&#8221; global_colors_info=&#8221;{}&#8221; custom_padding__hover=&#8221;|||&#8221;][et_pb_image src=&#8221;\/wp-content\/uploads\/2017\/02\/instrument.jpg&#8221; align_tablet=&#8221;center&#8221; align_last_edited=&#8221;on|desktop&#8221; admin_label=&#8221;Bild Instrument&#8221; _builder_version=&#8221;4.16&#8243; animation=&#8221;off&#8221; use_border_color=&#8221;off&#8221; border_color=&#8221;#ffffff&#8221; border_width=&#8221;1px&#8221; border_style=&#8221;solid&#8221; sticky=&#8221;off&#8221; global_colors_info=&#8221;{}&#8221; align_phone=&#8221;center&#8221;]&nbsp;<br \/>\n[\/et_pb_image][\/et_pb_column][et_pb_column type=&#8221;1_4&#8243; _builder_version=&#8221;4.16&#8243; custom_padding=&#8221;|||&#8221; global_colors_info=&#8221;{}&#8221; custom_padding__hover=&#8221;|||&#8221;][et_pb_image src=&#8221;\/wp-content\/uploads\/2017\/02\/produktion.jpg&#8221; align_tablet=&#8221;center&#8221; align_last_edited=&#8221;on|desktop&#8221; admin_label=&#8221;Bild Produktion&#8221; _builder_version=&#8221;4.16&#8243; animation=&#8221;off&#8221; use_border_color=&#8221;off&#8221; border_color=&#8221;#ffffff&#8221; border_width=&#8221;1px&#8221; border_style=&#8221;solid&#8221; sticky=&#8221;off&#8221; global_colors_info=&#8221;{}&#8221; align_phone=&#8221;center&#8221;]&nbsp;<br \/>\n[\/et_pb_image][\/et_pb_column][et_pb_column type=&#8221;1_4&#8243; _builder_version=&#8221;4.16&#8243; custom_padding=&#8221;|||&#8221; global_colors_info=&#8221;{}&#8221; custom_padding__hover=&#8221;|||&#8221;][et_pb_image src=&#8221;\/wp-content\/uploads\/2017\/02\/produktion2.jpg&#8221; align_tablet=&#8221;center&#8221; align_last_edited=&#8221;on|desktop&#8221; admin_label=&#8221;Bild Produktion2&#8243; _builder_version=&#8221;4.16&#8243; animation=&#8221;off&#8221; use_border_color=&#8221;off&#8221; border_color=&#8221;#ffffff&#8221; border_width=&#8221;1px&#8221; border_style=&#8221;solid&#8221; sticky=&#8221;off&#8221; global_colors_info=&#8221;{}&#8221; align_phone=&#8221;center&#8221;]&nbsp;<br \/>\n[\/et_pb_image][\/et_pb_column][\/et_pb_row][\/et_pb_section][et_pb_section fb_built=&#8221;1&#8243; custom_padding_last_edited=&#8221;on|tablet&#8221; admin_label=&#8221;section&#8221; _builder_version=&#8221;4.16&#8243; background_color=&#8221;#fbf5e9&#8243; background_image=&#8221;https:\/\/b-moosmann.de\/wp-content\/uploads\/2017\/02\/kuuskmann-martin-hintergrund.jpg&#8221; custom_padding=&#8221;|||&#8221; custom_padding_tablet=&#8221;|||&#8221; custom_padding_phone=&#8221;&#8221; transparent_background=&#8221;off&#8221; global_colors_info=&#8221;{}&#8221;][et_pb_row use_custom_gutter=&#8221;on&#8221; gutter_width=&#8221;2&#8243; admin_label=&#8221;row&#8221; _builder_version=&#8221;4.16&#8243; background_size=&#8221;initial&#8221; background_position=&#8221;top_left&#8221; background_repeat=&#8221;repeat&#8221; custom_padding=&#8221;|||&#8221; custom_width_percent=&#8221;85%&#8221; global_colors_info=&#8221;{}&#8221;][et_pb_column type=&#8221;4_4&#8243; _builder_version=&#8221;4.16&#8243; custom_padding=&#8221;|||&#8221; global_colors_info=&#8221;{}&#8221; custom_padding__hover=&#8221;|||&#8221;][et_pb_text admin_label=&#8221;h2\/p Loveletter&#8221; _builder_version=&#8221;4.26.0&#8243; background_size=&#8221;initial&#8221; background_position=&#8221;top_left&#8221; background_repeat=&#8221;repeat&#8221; max_width=&#8221;65%&#8221; max_width_tablet=&#8221;80%&#8221; max_width_phone=&#8221;100%&#8221; max_width_last_edited=&#8221;on|tablet&#8221; custom_margin=&#8221;|||&#8221; custom_padding=&#8221;|||&#8221; hover_enabled=&#8221;0&#8243; use_border_color=&#8221;off&#8221; border_color=&#8221;#ffffff&#8221; border_style=&#8221;solid&#8221; global_colors_info=&#8221;{}&#8221; sticky_enabled=&#8221;0&#8243;]<\/p>\n<h2><em>Loveletter by Martin Kuuskmann<\/em><\/h2>\n<p><em>&#8220;After 18 years of playing a Heckel bassoon, I felt to need to change. I was searching for a couple of years, playing instruments by various top makers until in 2010, by coincidence, I met Justin Miller, Moosmann&#8217;s representative in North-America, who introduced me the idea of trying out a Moosmann bassoon, a well known German bassoon maker. I was stunned \u2013 I had played some very fine instruments thus far, or so I thought, but I had never played a bassoon with such great scale and resonant tone as the Moosmann was trying. I din&#8217;t expect such openness, such resonance and such great scale. I was accustomed to having weak links within the scale on any top bassoon. I realized this was the instrument maker I had been looking for.<\/em><\/p>\n<p><em>For what I need to do on the bassoon as a performer, which is a lot, Moosmann bassoon allows me to everything in various given combinations from solo to chamber to orchestral playing, in any country, any continent. It is so easy to create different timbres and dynamics on it; I love the responsiveness of this instrument. With all of the beautiful tenor register in the middle, the Moosmann bassoon also possesses, in my experience, the best high register as well as the fullest low register of all new bassoons I have tried in the past several years. As a concert artist I constantly am in a need to evolve, and I love the inner feeling that my bassoon has still plenty left to discover. Thank you Justin Miller and thank you, Bernd Moosmann!&#8221;<\/em><\/p>\n<p><em>Martin Kuuskmann<\/em><\/p>\n<p>[\/et_pb_text][\/et_pb_column][\/et_pb_row][\/et_pb_section]<\/p>\n","protected":false},"excerpt":{"rendered":"<p>&nbsp; High-class\u00a0woodwind instruments\u00a0by Bernd Moosmann Since over 30 years, the Bernd Moosmann GmbH is a tradition-conscious manufacturer of woodwinds that at the same time incorporates modern technology into their high-quality instruments.\u00a0We are very proud of the fact that our bassoons are played on all 5 continents \u2013 in over 60 different countries of the world.\u00a0In addition to the technical quality based on our craftmanship and high-end materials, the use of innovative proprietary developments makes our instruments particularly distinguished. Visits to international trade fairs, presentations at universities and in-depth discussions with national and international orchestral musicians have formed the basis for the ongoing improvement of my bassoons. This valuable feedback has gone into the modernization of the mechanism, intonation and tone projection of the instruments. This cooperation is productive for both the performer and the instrument builder and it is ongoing.&nbsp; &#8220;Music begins where language ends&#8221; Putting these wise words of E.T.A. Hoffmann into practice demands three things: An inspired piece of music, gifted musicians and musical instruments that speak their own language.\u00a0I have always felt committed to this proposition and so I build woodwind instruments in my workshop which make it easy for musicians from all over the world to [&hellip;]<\/p>\n","protected":false},"author":8,"featured_media":0,"parent":0,"menu_order":0,"comment_status":"closed","ping_status":"closed","template":"","meta":{"_et_pb_use_builder":"on","_et_pb_old_content":"<p>Dies ist eine Beispiel-Seite. Sie unterscheidet sich von Beitr\u00e4gen, weil sie stets an der selben Stelle bleibt und (bei den meisten Themes) in der Navigationsleiste angezeigt wird. Die meisten Leute starten mit einer \u201e\u00dcber uns\u201c-Seite mit einer Vorstellung f\u00fcr m\u00f6gliche Besucher der Website. Dort k\u00f6nnte zum Beispiel stehen:<\/p><blockquote><p>Hallo! Tags\u00fcber arbeite ich als Fahrradkurier, nachts bin ich ein aufstrebender Schauspieler und dies hier ist mein Blog. Ich lebe in Berlin, habe einen gro\u00dfen Hund namens Jack, mag die Fantastischen Vier\u00a0und ein k\u00fchles Bier.<\/p><\/blockquote><p>Als neuer WordPress-Anwender solltest du das <a href=\"http:\/\/xdast.abcde.biz\/wordpress\/wp-admin\/\">Dashboard<\/a> aufrufen, um diese Seite zu l\u00f6schen und statt dessen eine neue Seite mit deinem eigenen Inhalt erstellen. Viel Spa\u00df!<\/p>","_et_gb_content_width":"","_monsterinsights_skip_tracking":false,"_monsterinsights_sitenote_active":false,"_monsterinsights_sitenote_note":"","_monsterinsights_sitenote_category":0,"footnotes":""},"class_list":["post-507","page","type-page","status-publish","hentry"],"yoast_head":"<!-- This site is optimized with the Yoast SEO plugin v26.6 - https:\/\/yoast.com\/wordpress\/plugins\/seo\/ -->\n<title>Bernd Moosmann - Bernd Moosmann<\/title>\n<meta name=\"description\" content=\"Since over 30 years, the Bernd Moosmann GmbH in Germany is a tradition-conscious manufacturer of woodwinds. Our bassoons are played on all 5 continents\" \/>\n<meta name=\"robots\" content=\"index, follow, max-snippet:-1, max-image-preview:large, max-video-preview:-1\" \/>\n<link rel=\"canonical\" href=\"https:\/\/b-moosmann.de\/en\/\" \/>\n<meta property=\"og:locale\" content=\"en_US\" \/>\n<meta property=\"og:type\" content=\"article\" \/>\n<meta property=\"og:title\" content=\"Bernd Moosmann - Bernd Moosmann\" \/>\n<meta property=\"og:description\" content=\"Since over 30 years, the Bernd Moosmann GmbH in Germany is a tradition-conscious manufacturer of woodwinds. Our bassoons are played on all 5 continents\" \/>\n<meta property=\"og:url\" content=\"https:\/\/b-moosmann.de\/en\/\" \/>\n<meta property=\"og:site_name\" content=\"Bernd Moosmann\" \/>\n<meta property=\"article:modified_time\" content=\"2024-07-09T12:23:43+00:00\" \/>\n<meta property=\"og:image\" content=\"https:\/\/b-moosmann.de\/wp-content\/uploads\/2017\/02\/produktion2.jpg\" \/>\n\t<meta property=\"og:image:width\" content=\"600\" \/>\n\t<meta property=\"og:image:height\" content=\"416\" \/>\n\t<meta property=\"og:image:type\" content=\"image\/jpeg\" \/>\n<meta name=\"twitter:card\" content=\"summary_large_image\" \/>\n<meta name=\"twitter:label1\" content=\"Est. reading time\" \/>\n\t<meta name=\"twitter:data1\" content=\"7 minutes\" \/>\n<script type=\"application\/ld+json\" class=\"yoast-schema-graph\">{\"@context\":\"https:\/\/schema.org\",\"@graph\":[{\"@type\":\"WebPage\",\"@id\":\"https:\/\/b-moosmann.de\/en\/\",\"url\":\"https:\/\/b-moosmann.de\/en\/\",\"name\":\"Bernd Moosmann - Bernd Moosmann\",\"isPartOf\":{\"@id\":\"https:\/\/b-moosmann.de\/#website\"},\"datePublished\":\"2015-12-22T06:07:04+00:00\",\"dateModified\":\"2024-07-09T12:23:43+00:00\",\"description\":\"Since over 30 years, the Bernd Moosmann GmbH in Germany is a tradition-conscious manufacturer of woodwinds. Our bassoons are played on all 5 continents\",\"breadcrumb\":{\"@id\":\"https:\/\/b-moosmann.de\/en\/#breadcrumb\"},\"inLanguage\":\"en-US\",\"potentialAction\":[{\"@type\":\"ReadAction\",\"target\":[\"https:\/\/b-moosmann.de\/en\/\"]}]},{\"@type\":\"BreadcrumbList\",\"@id\":\"https:\/\/b-moosmann.de\/en\/#breadcrumb\",\"itemListElement\":[{\"@type\":\"ListItem\",\"position\":1,\"name\":\"Startseite\",\"item\":\"https:\/\/b-moosmann.de\/en\/\"},{\"@type\":\"ListItem\",\"position\":2,\"name\":\"Bernd Moosmann\"}]},{\"@type\":\"WebSite\",\"@id\":\"https:\/\/b-moosmann.de\/#website\",\"url\":\"https:\/\/b-moosmann.de\/\",\"name\":\"Bernd Moosmann\",\"description\":\"Bau von Fagotten in Waiblingen\",\"publisher\":{\"@id\":\"https:\/\/b-moosmann.de\/#organization\"},\"potentialAction\":[{\"@type\":\"SearchAction\",\"target\":{\"@type\":\"EntryPoint\",\"urlTemplate\":\"https:\/\/b-moosmann.de\/?s={search_term_string}\"},\"query-input\":{\"@type\":\"PropertyValueSpecification\",\"valueRequired\":true,\"valueName\":\"search_term_string\"}}],\"inLanguage\":\"en-US\"},{\"@type\":\"Organization\",\"@id\":\"https:\/\/b-moosmann.de\/#organization\",\"name\":\"Bernd Moosmann\",\"url\":\"https:\/\/b-moosmann.de\/\",\"logo\":{\"@type\":\"ImageObject\",\"inLanguage\":\"en-US\",\"@id\":\"https:\/\/b-moosmann.de\/#\/schema\/logo\/image\/\",\"url\":\"https:\/\/b-moosmann.de\/wp-content\/uploads\/2021\/04\/b-moosmann-logo.svg\",\"contentUrl\":\"https:\/\/b-moosmann.de\/wp-content\/uploads\/2021\/04\/b-moosmann-logo.svg\",\"width\":1,\"height\":1,\"caption\":\"Bernd Moosmann\"},\"image\":{\"@id\":\"https:\/\/b-moosmann.de\/#\/schema\/logo\/image\/\"}}]}<\/script>\n<!-- \/ Yoast SEO plugin. -->","yoast_head_json":{"title":"Bernd Moosmann - Bernd Moosmann","description":"Since over 30 years, the Bernd Moosmann GmbH in Germany is a tradition-conscious manufacturer of woodwinds. Our bassoons are played on all 5 continents","robots":{"index":"index","follow":"follow","max-snippet":"max-snippet:-1","max-image-preview":"max-image-preview:large","max-video-preview":"max-video-preview:-1"},"canonical":"https:\/\/b-moosmann.de\/en\/","og_locale":"en_US","og_type":"article","og_title":"Bernd Moosmann - Bernd Moosmann","og_description":"Since over 30 years, the Bernd Moosmann GmbH in Germany is a tradition-conscious manufacturer of woodwinds. Our bassoons are played on all 5 continents","og_url":"https:\/\/b-moosmann.de\/en\/","og_site_name":"Bernd Moosmann","article_modified_time":"2024-07-09T12:23:43+00:00","og_image":[{"width":600,"height":416,"url":"https:\/\/b-moosmann.de\/wp-content\/uploads\/2017\/02\/produktion2.jpg","type":"image\/jpeg"}],"twitter_card":"summary_large_image","twitter_misc":{"Est. reading time":"7 minutes"},"schema":{"@context":"https:\/\/schema.org","@graph":[{"@type":"WebPage","@id":"https:\/\/b-moosmann.de\/en\/","url":"https:\/\/b-moosmann.de\/en\/","name":"Bernd Moosmann - Bernd Moosmann","isPartOf":{"@id":"https:\/\/b-moosmann.de\/#website"},"datePublished":"2015-12-22T06:07:04+00:00","dateModified":"2024-07-09T12:23:43+00:00","description":"Since over 30 years, the Bernd Moosmann GmbH in Germany is a tradition-conscious manufacturer of woodwinds. Our bassoons are played on all 5 continents","breadcrumb":{"@id":"https:\/\/b-moosmann.de\/en\/#breadcrumb"},"inLanguage":"en-US","potentialAction":[{"@type":"ReadAction","target":["https:\/\/b-moosmann.de\/en\/"]}]},{"@type":"BreadcrumbList","@id":"https:\/\/b-moosmann.de\/en\/#breadcrumb","itemListElement":[{"@type":"ListItem","position":1,"name":"Startseite","item":"https:\/\/b-moosmann.de\/en\/"},{"@type":"ListItem","position":2,"name":"Bernd Moosmann"}]},{"@type":"WebSite","@id":"https:\/\/b-moosmann.de\/#website","url":"https:\/\/b-moosmann.de\/","name":"Bernd Moosmann","description":"Bau von Fagotten in Waiblingen","publisher":{"@id":"https:\/\/b-moosmann.de\/#organization"},"potentialAction":[{"@type":"SearchAction","target":{"@type":"EntryPoint","urlTemplate":"https:\/\/b-moosmann.de\/?s={search_term_string}"},"query-input":{"@type":"PropertyValueSpecification","valueRequired":true,"valueName":"search_term_string"}}],"inLanguage":"en-US"},{"@type":"Organization","@id":"https:\/\/b-moosmann.de\/#organization","name":"Bernd Moosmann","url":"https:\/\/b-moosmann.de\/","logo":{"@type":"ImageObject","inLanguage":"en-US","@id":"https:\/\/b-moosmann.de\/#\/schema\/logo\/image\/","url":"https:\/\/b-moosmann.de\/wp-content\/uploads\/2021\/04\/b-moosmann-logo.svg","contentUrl":"https:\/\/b-moosmann.de\/wp-content\/uploads\/2021\/04\/b-moosmann-logo.svg","width":1,"height":1,"caption":"Bernd Moosmann"},"image":{"@id":"https:\/\/b-moosmann.de\/#\/schema\/logo\/image\/"}}]}},"_links":{"self":[{"href":"https:\/\/b-moosmann.de\/en\/wp-json\/wp\/v2\/pages\/507","targetHints":{"allow":["GET"]}}],"collection":[{"href":"https:\/\/b-moosmann.de\/en\/wp-json\/wp\/v2\/pages"}],"about":[{"href":"https:\/\/b-moosmann.de\/en\/wp-json\/wp\/v2\/types\/page"}],"author":[{"embeddable":true,"href":"https:\/\/b-moosmann.de\/en\/wp-json\/wp\/v2\/users\/8"}],"replies":[{"embeddable":true,"href":"https:\/\/b-moosmann.de\/en\/wp-json\/wp\/v2\/comments?post=507"}],"version-history":[{"count":1,"href":"https:\/\/b-moosmann.de\/en\/wp-json\/wp\/v2\/pages\/507\/revisions"}],"predecessor-version":[{"id":1940,"href":"https:\/\/b-moosmann.de\/en\/wp-json\/wp\/v2\/pages\/507\/revisions\/1940"}],"wp:attachment":[{"href":"https:\/\/b-moosmann.de\/en\/wp-json\/wp\/v2\/media?parent=507"}],"curies":[{"name":"wp","href":"https:\/\/api.w.org\/{rel}","templated":true}]}}