{"id":533,"date":"2017-03-02T13:30:25","date_gmt":"2017-03-02T12:30:25","guid":{"rendered":"https:\/\/b-moosmann.de\/?page_id=533\/"},"modified":"2024-02-08T14:39:06","modified_gmt":"2024-02-08T13:39:06","slug":"imprint","status":"publish","type":"page","link":"https:\/\/b-moosmann.de\/en\/imprint\/","title":{"rendered":"Imprint"},"content":{"rendered":"<p>[et_pb_section fb_built=&#8221;1&#8243; admin_label=&#8221;section&#8221; _builder_version=&#8221;4.16&#8243; global_colors_info=&#8221;{}&#8221;][et_pb_row admin_label=&#8221;row&#8221; _builder_version=&#8221;4.16&#8243; background_size=&#8221;initial&#8221; background_position=&#8221;top_left&#8221; background_repeat=&#8221;repeat&#8221; global_colors_info=&#8221;{}&#8221;][et_pb_column type=&#8221;4_4&#8243; _builder_version=&#8221;4.16&#8243; custom_padding=&#8221;|||&#8221; global_colors_info=&#8221;{}&#8221; custom_padding__hover=&#8221;|||&#8221;][et_pb_text admin_label=&#8221;h1\/p Impressum (EN)&#8221; _builder_version=&#8221;4.23.4&#8243; background_size=&#8221;initial&#8221; background_position=&#8221;top_left&#8221; background_repeat=&#8221;repeat&#8221; hover_enabled=&#8221;0&#8243; use_border_color=&#8221;off&#8221; global_colors_info=&#8221;{}&#8221; sticky_enabled=&#8221;0&#8243;]<\/p>\n<h1>Website credits<\/h1>\n<p><strong>Information according to \u00a7 5 TMG<\/strong><br \/>Bernd Moosmann<br \/>Meisterwerkst\u00e4tte f\u00fcr Holzblasinstrumente Gmbh<br \/>Anton-Schmidt-Str. 19<br \/>71332 Waiblingen<\/p>\n<p><strong>Represented by<\/strong><br \/>Bernd Joachim Moosmann (managing director)<br \/>Tanja Moosmann (managing director)<br \/>Phone: +49 7151 905633<br \/>Fax: +49 7151 905650<br \/>E-mail: <a href=\"mailto:bernd@b-moosmann.de\" target=\"_blank\" rel=\"noopener\">bernd@b-moosmann.de <\/a><\/p>\n<p>Register entry<br \/>Register court: Stuttgart<br \/>Register number: HRB261623<\/p>\n<p><strong>Sales tax identification number according to \u00a727 a sales tax law<\/strong><br \/>DE147318345<\/p>\n<p><strong>Responsible for the content according to \u00a7 55 Abs. 2 RStV<\/strong><br \/>Bernd Joachim Moosmann<br \/>Anton Schmidt road 19<br \/>71332 Waiblingen<br \/>Germany<\/p>\n<p><strong>Reference to EU dispute resolution <\/strong><br \/>The European Commission is providing an online dispute resolution (OS) platform: <a href=\"http:\/\/ec.europa.eu\/consumers\/odr\" target=\"_blank\" rel=\"noopener\">http:\/\/ec.europa.eu\/consumers\/odr<\/a>. You will find our e-mail address above. We are neither obliged nor prepared to participate in the dispute settlement procedure.<\/p>\n<p>[\/et_pb_text][\/et_pb_column][\/et_pb_row][\/et_pb_section]<\/p>\n","protected":false},"excerpt":{"rendered":"<p>Website credits Information according to \u00a7 5 TMGBernd MoosmannMeisterwerkst\u00e4tte f\u00fcr Holzblasinstrumente GmbhAnton-Schmidt-Str. 1971332 Waiblingen Represented byBernd Joachim Moosmann (managing director)Tanja Moosmann (managing director)Phone: +49 7151 905633Fax: +49 7151 905650E-mail: bernd@b-moosmann.de Register entryRegister court: StuttgartRegister number: HRB261623 Sales tax identification number according to \u00a727 a sales tax lawDE147318345 Responsible for the content according to \u00a7 55 Abs. 2 RStVBernd Joachim MoosmannAnton Schmidt road 1971332 WaiblingenGermany Reference to EU dispute resolution The European Commission is providing an online dispute resolution (OS) platform: http:\/\/ec.europa.eu\/consumers\/odr. You will find our e-mail address above. We are neither obliged nor prepared to participate in the dispute settlement procedure.<\/p>\n","protected":false},"author":8,"featured_media":0,"parent":0,"menu_order":0,"comment_status":"closed","ping_status":"closed","template":"","meta":{"_et_pb_use_builder":"on","_et_pb_old_content":"","_et_gb_content_width":"","_monsterinsights_skip_tracking":false,"_monsterinsights_sitenote_active":false,"_monsterinsights_sitenote_note":"","_monsterinsights_sitenote_category":0,"footnotes":""},"class_list":["post-533","page","type-page","status-publish","hentry"],"yoast_head":"<!-- This site is optimized with the Yoast SEO plugin v26.6 - https:\/\/yoast.com\/wordpress\/plugins\/seo\/ -->\n<title>Imprint - Bernd Moosmann<\/title>\n<meta name=\"description\" content=\"Imprint of Bernd Moosmann&#039;s Website: Meisterwerkst\u00e4tte f\u00fcr Holzblasinstrumente Gmbh, Anton-Schmidt-Stra\u00dfe 19, 71332 Waiblingen, Phone: +49 7151 905633\" \/>\n<meta name=\"robots\" content=\"index, follow, max-snippet:-1, max-image-preview:large, max-video-preview:-1\" \/>\n<link rel=\"canonical\" href=\"https:\/\/b-moosmann.de\/impressum\/\" \/>\n<meta property=\"og:locale\" content=\"en_US\" \/>\n<meta property=\"og:type\" content=\"article\" \/>\n<meta property=\"og:title\" content=\"Imprint - Bernd Moosmann\" \/>\n<meta property=\"og:description\" content=\"Imprint of Bernd Moosmann&#039;s Website: Meisterwerkst\u00e4tte f\u00fcr Holzblasinstrumente Gmbh, Anton-Schmidt-Stra\u00dfe 19, 71332 Waiblingen, Phone: +49 7151 905633\" \/>\n<meta property=\"og:url\" content=\"https:\/\/b-moosmann.de\/impressum\/\" \/>\n<meta property=\"og:site_name\" content=\"Bernd Moosmann\" \/>\n<meta property=\"article:modified_time\" content=\"2024-02-08T13:39:06+00:00\" \/>\n<meta property=\"og:image\" content=\"https:\/\/b-moosmann.de\/wp-content\/uploads\/2017\/02\/produktion2.jpg\" \/>\n\t<meta property=\"og:image:width\" content=\"600\" \/>\n\t<meta property=\"og:image:height\" content=\"416\" \/>\n\t<meta property=\"og:image:type\" content=\"image\/jpeg\" \/>\n<meta name=\"twitter:card\" content=\"summary_large_image\" \/>\n<meta name=\"twitter:label1\" content=\"Est. reading time\" \/>\n\t<meta name=\"twitter:data1\" content=\"1 minute\" \/>\n<script type=\"application\/ld+json\" class=\"yoast-schema-graph\">{\"@context\":\"https:\/\/schema.org\",\"@graph\":[{\"@type\":\"WebPage\",\"@id\":\"https:\/\/b-moosmann.de\/impressum\/\",\"url\":\"https:\/\/b-moosmann.de\/impressum\/\",\"name\":\"Imprint - Bernd Moosmann\",\"isPartOf\":{\"@id\":\"https:\/\/b-moosmann.de\/#website\"},\"datePublished\":\"2017-03-02T12:30:25+00:00\",\"dateModified\":\"2024-02-08T13:39:06+00:00\",\"description\":\"Imprint of Bernd Moosmann's Website: Meisterwerkst\u00e4tte f\u00fcr Holzblasinstrumente Gmbh, Anton-Schmidt-Stra\u00dfe 19, 71332 Waiblingen, Phone: +49 7151 905633\",\"breadcrumb\":{\"@id\":\"https:\/\/b-moosmann.de\/impressum\/#breadcrumb\"},\"inLanguage\":\"en-US\",\"potentialAction\":[{\"@type\":\"ReadAction\",\"target\":[\"https:\/\/b-moosmann.de\/impressum\/\"]}]},{\"@type\":\"BreadcrumbList\",\"@id\":\"https:\/\/b-moosmann.de\/impressum\/#breadcrumb\",\"itemListElement\":[{\"@type\":\"ListItem\",\"position\":1,\"name\":\"Startseite\",\"item\":\"https:\/\/b-moosmann.de\/en\/\"},{\"@type\":\"ListItem\",\"position\":2,\"name\":\"Imprint\"}]},{\"@type\":\"WebSite\",\"@id\":\"https:\/\/b-moosmann.de\/#website\",\"url\":\"https:\/\/b-moosmann.de\/\",\"name\":\"Bernd Moosmann\",\"description\":\"Bau von Fagotten in Waiblingen\",\"publisher\":{\"@id\":\"https:\/\/b-moosmann.de\/#organization\"},\"potentialAction\":[{\"@type\":\"SearchAction\",\"target\":{\"@type\":\"EntryPoint\",\"urlTemplate\":\"https:\/\/b-moosmann.de\/?s={search_term_string}\"},\"query-input\":{\"@type\":\"PropertyValueSpecification\",\"valueRequired\":true,\"valueName\":\"search_term_string\"}}],\"inLanguage\":\"en-US\"},{\"@type\":\"Organization\",\"@id\":\"https:\/\/b-moosmann.de\/#organization\",\"name\":\"Bernd Moosmann\",\"url\":\"https:\/\/b-moosmann.de\/\",\"logo\":{\"@type\":\"ImageObject\",\"inLanguage\":\"en-US\",\"@id\":\"https:\/\/b-moosmann.de\/#\/schema\/logo\/image\/\",\"url\":\"https:\/\/b-moosmann.de\/wp-content\/uploads\/2021\/04\/b-moosmann-logo.svg\",\"contentUrl\":\"https:\/\/b-moosmann.de\/wp-content\/uploads\/2021\/04\/b-moosmann-logo.svg\",\"width\":1,\"height\":1,\"caption\":\"Bernd Moosmann\"},\"image\":{\"@id\":\"https:\/\/b-moosmann.de\/#\/schema\/logo\/image\/\"}}]}<\/script>\n<!-- \/ Yoast SEO plugin. -->","yoast_head_json":{"title":"Imprint - Bernd Moosmann","description":"Imprint of Bernd Moosmann's Website: Meisterwerkst\u00e4tte f\u00fcr Holzblasinstrumente Gmbh, Anton-Schmidt-Stra\u00dfe 19, 71332 Waiblingen, Phone: +49 7151 905633","robots":{"index":"index","follow":"follow","max-snippet":"max-snippet:-1","max-image-preview":"max-image-preview:large","max-video-preview":"max-video-preview:-1"},"canonical":"https:\/\/b-moosmann.de\/impressum\/","og_locale":"en_US","og_type":"article","og_title":"Imprint - Bernd Moosmann","og_description":"Imprint of Bernd Moosmann's Website: Meisterwerkst\u00e4tte f\u00fcr Holzblasinstrumente Gmbh, Anton-Schmidt-Stra\u00dfe 19, 71332 Waiblingen, Phone: +49 7151 905633","og_url":"https:\/\/b-moosmann.de\/impressum\/","og_site_name":"Bernd Moosmann","article_modified_time":"2024-02-08T13:39:06+00:00","og_image":[{"width":600,"height":416,"url":"https:\/\/b-moosmann.de\/wp-content\/uploads\/2017\/02\/produktion2.jpg","type":"image\/jpeg"}],"twitter_card":"summary_large_image","twitter_misc":{"Est. reading time":"1 minute"},"schema":{"@context":"https:\/\/schema.org","@graph":[{"@type":"WebPage","@id":"https:\/\/b-moosmann.de\/impressum\/","url":"https:\/\/b-moosmann.de\/impressum\/","name":"Imprint - Bernd Moosmann","isPartOf":{"@id":"https:\/\/b-moosmann.de\/#website"},"datePublished":"2017-03-02T12:30:25+00:00","dateModified":"2024-02-08T13:39:06+00:00","description":"Imprint of Bernd Moosmann's Website: Meisterwerkst\u00e4tte f\u00fcr Holzblasinstrumente Gmbh, Anton-Schmidt-Stra\u00dfe 19, 71332 Waiblingen, Phone: +49 7151 905633","breadcrumb":{"@id":"https:\/\/b-moosmann.de\/impressum\/#breadcrumb"},"inLanguage":"en-US","potentialAction":[{"@type":"ReadAction","target":["https:\/\/b-moosmann.de\/impressum\/"]}]},{"@type":"BreadcrumbList","@id":"https:\/\/b-moosmann.de\/impressum\/#breadcrumb","itemListElement":[{"@type":"ListItem","position":1,"name":"Startseite","item":"https:\/\/b-moosmann.de\/en\/"},{"@type":"ListItem","position":2,"name":"Imprint"}]},{"@type":"WebSite","@id":"https:\/\/b-moosmann.de\/#website","url":"https:\/\/b-moosmann.de\/","name":"Bernd Moosmann","description":"Bau von Fagotten in Waiblingen","publisher":{"@id":"https:\/\/b-moosmann.de\/#organization"},"potentialAction":[{"@type":"SearchAction","target":{"@type":"EntryPoint","urlTemplate":"https:\/\/b-moosmann.de\/?s={search_term_string}"},"query-input":{"@type":"PropertyValueSpecification","valueRequired":true,"valueName":"search_term_string"}}],"inLanguage":"en-US"},{"@type":"Organization","@id":"https:\/\/b-moosmann.de\/#organization","name":"Bernd Moosmann","url":"https:\/\/b-moosmann.de\/","logo":{"@type":"ImageObject","inLanguage":"en-US","@id":"https:\/\/b-moosmann.de\/#\/schema\/logo\/image\/","url":"https:\/\/b-moosmann.de\/wp-content\/uploads\/2021\/04\/b-moosmann-logo.svg","contentUrl":"https:\/\/b-moosmann.de\/wp-content\/uploads\/2021\/04\/b-moosmann-logo.svg","width":1,"height":1,"caption":"Bernd Moosmann"},"image":{"@id":"https:\/\/b-moosmann.de\/#\/schema\/logo\/image\/"}}]}},"_links":{"self":[{"href":"https:\/\/b-moosmann.de\/en\/wp-json\/wp\/v2\/pages\/533","targetHints":{"allow":["GET"]}}],"collection":[{"href":"https:\/\/b-moosmann.de\/en\/wp-json\/wp\/v2\/pages"}],"about":[{"href":"https:\/\/b-moosmann.de\/en\/wp-json\/wp\/v2\/types\/page"}],"author":[{"embeddable":true,"href":"https:\/\/b-moosmann.de\/en\/wp-json\/wp\/v2\/users\/8"}],"replies":[{"embeddable":true,"href":"https:\/\/b-moosmann.de\/en\/wp-json\/wp\/v2\/comments?post=533"}],"version-history":[{"count":1,"href":"https:\/\/b-moosmann.de\/en\/wp-json\/wp\/v2\/pages\/533\/revisions"}],"predecessor-version":[{"id":1913,"href":"https:\/\/b-moosmann.de\/en\/wp-json\/wp\/v2\/pages\/533\/revisions\/1913"}],"wp:attachment":[{"href":"https:\/\/b-moosmann.de\/en\/wp-json\/wp\/v2\/media?parent=533"}],"curies":[{"name":"wp","href":"https:\/\/api.w.org\/{rel}","templated":true}]}}