{"id":536,"date":"2017-03-02T13:34:16","date_gmt":"2017-03-02T12:34:16","guid":{"rendered":"https:\/\/b-moosmann.de\/?page_id=536\/"},"modified":"2017-03-07T14:02:57","modified_gmt":"2017-03-07T13:02:57","slug":"disclaimer","status":"publish","type":"page","link":"https:\/\/b-moosmann.de\/en\/disclaimer\/","title":{"rendered":"Disclaimer"},"content":{"rendered":"<p>[et_pb_section admin_label=&#8221;section&#8221;][et_pb_row admin_label=&#8221;row&#8221;][et_pb_column type=&#8221;4_4&#8243;][et_pb_text admin_label=&#8221;h1\/p Haftungsausschluss (EN)&#8221; background_layout=&#8221;light&#8221; text_orientation=&#8221;left&#8221; use_border_color=&#8221;off&#8221; border_color=&#8221;#ffffff&#8221; border_style=&#8221;solid&#8221;]<\/p>\n<h1>Disclaimer<\/h1>\n<p>Bernd Moosmann \u2013 Meisterwerkst\u00e4tte f\u00fcr Holzblasintrumente GmbH has taken great care with checking procedures for this website, but does not assume any liability for the content of external links, for which the operators are exclusively responsible.<\/p>\n<p>[\/et_pb_text][\/et_pb_column][\/et_pb_row][\/et_pb_section]<\/p>\n","protected":false},"excerpt":{"rendered":"<p>Disclaimer Bernd Moosmann \u2013 Meisterwerkst\u00e4tte f\u00fcr Holzblasintrumente GmbH has taken great care with checking procedures for this website, but does not assume any liability for the content of external links, for which the operators are exclusively responsible.<\/p>\n","protected":false},"author":8,"featured_media":0,"parent":0,"menu_order":0,"comment_status":"closed","ping_status":"closed","template":"","meta":{"_et_pb_use_builder":"on","_et_pb_old_content":"","_et_gb_content_width":"","_monsterinsights_skip_tracking":false,"_monsterinsights_sitenote_active":false,"_monsterinsights_sitenote_note":"","_monsterinsights_sitenote_category":0,"footnotes":""},"class_list":["post-536","page","type-page","status-publish","hentry"],"yoast_head":"<!-- This site is optimized with the Yoast SEO plugin v26.6 - https:\/\/yoast.com\/wordpress\/plugins\/seo\/ -->\n<title>Disclaimer - Bernd Moosmann<\/title>\n<meta name=\"description\" content=\"Disclaimer of Bernd Moosmann&#039;s Website: Meisterwerkst\u00e4tte f\u00fcr Holzblasinstrumente Gmbh, Anton-Schmidt-Stra\u00dfe 19, 71332 Waiblingen, Phone: +49 7151 905633\" \/>\n<meta name=\"robots\" content=\"index, follow, max-snippet:-1, max-image-preview:large, max-video-preview:-1\" \/>\n<link rel=\"canonical\" href=\"https:\/\/b-moosmann.de\/en\/disclaimer\/\" \/>\n<meta property=\"og:locale\" content=\"en_US\" \/>\n<meta property=\"og:type\" content=\"article\" \/>\n<meta property=\"og:title\" content=\"Disclaimer - Bernd Moosmann\" \/>\n<meta property=\"og:description\" content=\"Disclaimer of Bernd Moosmann&#039;s Website: Meisterwerkst\u00e4tte f\u00fcr Holzblasinstrumente Gmbh, Anton-Schmidt-Stra\u00dfe 19, 71332 Waiblingen, Phone: +49 7151 905633\" \/>\n<meta property=\"og:url\" content=\"https:\/\/b-moosmann.de\/en\/disclaimer\/\" \/>\n<meta property=\"og:site_name\" content=\"Bernd Moosmann\" \/>\n<meta property=\"article:modified_time\" content=\"2017-03-07T13:02:57+00:00\" \/>\n<meta property=\"og:image\" content=\"https:\/\/b-moosmann.de\/wp-content\/uploads\/2017\/02\/produktion2.jpg\" \/>\n\t<meta property=\"og:image:width\" content=\"600\" \/>\n\t<meta property=\"og:image:height\" content=\"416\" \/>\n\t<meta property=\"og:image:type\" content=\"image\/jpeg\" \/>\n<meta name=\"twitter:card\" content=\"summary_large_image\" \/>\n<script type=\"application\/ld+json\" class=\"yoast-schema-graph\">{\"@context\":\"https:\/\/schema.org\",\"@graph\":[{\"@type\":\"WebPage\",\"@id\":\"https:\/\/b-moosmann.de\/en\/disclaimer\/\",\"url\":\"https:\/\/b-moosmann.de\/en\/disclaimer\/\",\"name\":\"Disclaimer - Bernd Moosmann\",\"isPartOf\":{\"@id\":\"https:\/\/b-moosmann.de\/#website\"},\"datePublished\":\"2017-03-02T12:34:16+00:00\",\"dateModified\":\"2017-03-07T13:02:57+00:00\",\"description\":\"Disclaimer of Bernd Moosmann's Website: Meisterwerkst\u00e4tte f\u00fcr Holzblasinstrumente Gmbh, Anton-Schmidt-Stra\u00dfe 19, 71332 Waiblingen, Phone: +49 7151 905633\",\"breadcrumb\":{\"@id\":\"https:\/\/b-moosmann.de\/en\/disclaimer\/#breadcrumb\"},\"inLanguage\":\"en-US\",\"potentialAction\":[{\"@type\":\"ReadAction\",\"target\":[\"https:\/\/b-moosmann.de\/en\/disclaimer\/\"]}]},{\"@type\":\"BreadcrumbList\",\"@id\":\"https:\/\/b-moosmann.de\/en\/disclaimer\/#breadcrumb\",\"itemListElement\":[{\"@type\":\"ListItem\",\"position\":1,\"name\":\"Startseite\",\"item\":\"https:\/\/b-moosmann.de\/en\/\"},{\"@type\":\"ListItem\",\"position\":2,\"name\":\"Disclaimer\"}]},{\"@type\":\"WebSite\",\"@id\":\"https:\/\/b-moosmann.de\/#website\",\"url\":\"https:\/\/b-moosmann.de\/\",\"name\":\"Bernd Moosmann\",\"description\":\"Bau von Fagotten in Waiblingen\",\"publisher\":{\"@id\":\"https:\/\/b-moosmann.de\/#organization\"},\"potentialAction\":[{\"@type\":\"SearchAction\",\"target\":{\"@type\":\"EntryPoint\",\"urlTemplate\":\"https:\/\/b-moosmann.de\/?s={search_term_string}\"},\"query-input\":{\"@type\":\"PropertyValueSpecification\",\"valueRequired\":true,\"valueName\":\"search_term_string\"}}],\"inLanguage\":\"en-US\"},{\"@type\":\"Organization\",\"@id\":\"https:\/\/b-moosmann.de\/#organization\",\"name\":\"Bernd Moosmann\",\"url\":\"https:\/\/b-moosmann.de\/\",\"logo\":{\"@type\":\"ImageObject\",\"inLanguage\":\"en-US\",\"@id\":\"https:\/\/b-moosmann.de\/#\/schema\/logo\/image\/\",\"url\":\"https:\/\/b-moosmann.de\/wp-content\/uploads\/2021\/04\/b-moosmann-logo.svg\",\"contentUrl\":\"https:\/\/b-moosmann.de\/wp-content\/uploads\/2021\/04\/b-moosmann-logo.svg\",\"width\":1,\"height\":1,\"caption\":\"Bernd Moosmann\"},\"image\":{\"@id\":\"https:\/\/b-moosmann.de\/#\/schema\/logo\/image\/\"}}]}<\/script>\n<!-- \/ Yoast SEO plugin. -->","yoast_head_json":{"title":"Disclaimer - Bernd Moosmann","description":"Disclaimer of Bernd Moosmann's Website: Meisterwerkst\u00e4tte f\u00fcr Holzblasinstrumente Gmbh, Anton-Schmidt-Stra\u00dfe 19, 71332 Waiblingen, Phone: +49 7151 905633","robots":{"index":"index","follow":"follow","max-snippet":"max-snippet:-1","max-image-preview":"max-image-preview:large","max-video-preview":"max-video-preview:-1"},"canonical":"https:\/\/b-moosmann.de\/en\/disclaimer\/","og_locale":"en_US","og_type":"article","og_title":"Disclaimer - Bernd Moosmann","og_description":"Disclaimer of Bernd Moosmann's Website: Meisterwerkst\u00e4tte f\u00fcr Holzblasinstrumente Gmbh, Anton-Schmidt-Stra\u00dfe 19, 71332 Waiblingen, Phone: +49 7151 905633","og_url":"https:\/\/b-moosmann.de\/en\/disclaimer\/","og_site_name":"Bernd Moosmann","article_modified_time":"2017-03-07T13:02:57+00:00","og_image":[{"width":600,"height":416,"url":"https:\/\/b-moosmann.de\/wp-content\/uploads\/2017\/02\/produktion2.jpg","type":"image\/jpeg"}],"twitter_card":"summary_large_image","schema":{"@context":"https:\/\/schema.org","@graph":[{"@type":"WebPage","@id":"https:\/\/b-moosmann.de\/en\/disclaimer\/","url":"https:\/\/b-moosmann.de\/en\/disclaimer\/","name":"Disclaimer - Bernd Moosmann","isPartOf":{"@id":"https:\/\/b-moosmann.de\/#website"},"datePublished":"2017-03-02T12:34:16+00:00","dateModified":"2017-03-07T13:02:57+00:00","description":"Disclaimer of Bernd Moosmann's Website: Meisterwerkst\u00e4tte f\u00fcr Holzblasinstrumente Gmbh, Anton-Schmidt-Stra\u00dfe 19, 71332 Waiblingen, Phone: +49 7151 905633","breadcrumb":{"@id":"https:\/\/b-moosmann.de\/en\/disclaimer\/#breadcrumb"},"inLanguage":"en-US","potentialAction":[{"@type":"ReadAction","target":["https:\/\/b-moosmann.de\/en\/disclaimer\/"]}]},{"@type":"BreadcrumbList","@id":"https:\/\/b-moosmann.de\/en\/disclaimer\/#breadcrumb","itemListElement":[{"@type":"ListItem","position":1,"name":"Startseite","item":"https:\/\/b-moosmann.de\/en\/"},{"@type":"ListItem","position":2,"name":"Disclaimer"}]},{"@type":"WebSite","@id":"https:\/\/b-moosmann.de\/#website","url":"https:\/\/b-moosmann.de\/","name":"Bernd Moosmann","description":"Bau von Fagotten in Waiblingen","publisher":{"@id":"https:\/\/b-moosmann.de\/#organization"},"potentialAction":[{"@type":"SearchAction","target":{"@type":"EntryPoint","urlTemplate":"https:\/\/b-moosmann.de\/?s={search_term_string}"},"query-input":{"@type":"PropertyValueSpecification","valueRequired":true,"valueName":"search_term_string"}}],"inLanguage":"en-US"},{"@type":"Organization","@id":"https:\/\/b-moosmann.de\/#organization","name":"Bernd Moosmann","url":"https:\/\/b-moosmann.de\/","logo":{"@type":"ImageObject","inLanguage":"en-US","@id":"https:\/\/b-moosmann.de\/#\/schema\/logo\/image\/","url":"https:\/\/b-moosmann.de\/wp-content\/uploads\/2021\/04\/b-moosmann-logo.svg","contentUrl":"https:\/\/b-moosmann.de\/wp-content\/uploads\/2021\/04\/b-moosmann-logo.svg","width":1,"height":1,"caption":"Bernd Moosmann"},"image":{"@id":"https:\/\/b-moosmann.de\/#\/schema\/logo\/image\/"}}]}},"_links":{"self":[{"href":"https:\/\/b-moosmann.de\/en\/wp-json\/wp\/v2\/pages\/536","targetHints":{"allow":["GET"]}}],"collection":[{"href":"https:\/\/b-moosmann.de\/en\/wp-json\/wp\/v2\/pages"}],"about":[{"href":"https:\/\/b-moosmann.de\/en\/wp-json\/wp\/v2\/types\/page"}],"author":[{"embeddable":true,"href":"https:\/\/b-moosmann.de\/en\/wp-json\/wp\/v2\/users\/8"}],"replies":[{"embeddable":true,"href":"https:\/\/b-moosmann.de\/en\/wp-json\/wp\/v2\/comments?post=536"}],"version-history":[{"count":0,"href":"https:\/\/b-moosmann.de\/en\/wp-json\/wp\/v2\/pages\/536\/revisions"}],"wp:attachment":[{"href":"https:\/\/b-moosmann.de\/en\/wp-json\/wp\/v2\/media?parent=536"}],"curies":[{"name":"wp","href":"https:\/\/api.w.org\/{rel}","templated":true}]}}